{"id":3875,"date":"2018-05-24T13:02:40","date_gmt":"2018-05-24T11:02:40","guid":{"rendered":"https:\/\/viv.tirol\/skiv\/?page_id=3875"},"modified":"2019-11-03T22:51:38","modified_gmt":"2019-11-03T21:51:38","slug":"datenschutzerklaerung","status":"publish","type":"page","link":"https:\/\/viv.tirol\/skiv\/datenschutzerklaerung\/","title":{"rendered":"Datenschutzerkl\u00e4rung"},"content":{"rendered":"<h1>Datenschutzerkl\u00e4rung<\/h1>\n<h4>Stand: 24.05.2018<\/h4>\n<h3>Datenverarbeitung<\/h3>\n<p>Der Schutz Ihrer pers\u00f6nlichen Daten ist uns besonders wichtig. Wir verarbeiten Ihre Daten daher ausschlie\u00dflich auf Grundlage der gesetzlichen Bestimmungen (EU-DSGVO, DSAG 2018, TKG 2003). In dieser Datenschutzerkl\u00e4rung informieren wir Sie \u00fcber die wichtigsten Aspekte der Datenverarbeitung im Rahmen unserer Website.<\/p>\n<h3>Kontakt mit uns<\/h3>\n<p>Wenn Sie \u00fcber ein Kontaktformular auf dieser Website oder per E-Mail Kontakt mit uns aufnehmen, werden Ihre angegebenen Daten zwecks Bearbeitung der Anfrage und f\u00fcr den Fall von Anschlussfragen bei uns gespeichert. Diese Daten geben wir keines Falls ohne Ihre Einwilligung weiter.<\/p>\n<h3>Verwendung von Cookies<\/h3>\n<p>Damit diese Website ordnungsgem\u00e4\u00df funktioniert, legen wir manchmal kleine Dateien \u2013 sogenannte Cookies \u2013 auf Ihrem Ger\u00e4t ab. Das ist bei den meisten Webseiten \u00fcblich.<\/p>\n<h3>Was ist ein Cookie?<\/h3>\n<p>Ein Cookie ist eine kleine Textdatei, die eine Webseite auf Ihrem Rechner, Tablet-Computer oder Smartphone hinterl\u00e4sst, wenn Sie diese besuchen. So kann sich die Website bestimmte Eingaben und Einstellungen (z. B. Login, Sprache, Schriftgr\u00f6\u00dfe und andere Anzeigepr\u00e4ferenzen) \u00fcber einen bestimmten Zeitraum \u201emerken\u201c, und Sie brauchen diese nicht bei jedem weiteren Besuch und beim Navigieren erneut vorzunehmen.<\/p>\n<h3>Cookie Einstellungen<\/h3>\n<p>Ihr Browser l\u00e4sst sich so konfigurieren, dass Cookies nur mit Ihrer Zustimmung erstellt oder generell abgelehnt werden. Wir weisen jedoch darauf hin, dass ohne die Verwendung von Cookies gewisse Bereiche der Webseite eingeschr\u00e4nkt oder gar nicht nutzbar sind.<\/p>\n<p>Hier finden Sie Anleitungen f\u00fcr die Verwaltung Ihrer Cookie Einstellungen f\u00fcr die \u201cbekanntesten\u201d Browser:<br \/>\n<strong>Internet Explorer<\/strong>: <a href=\"https:\/\/support.microsoft.com\/de-at\/help\/17442\/windows-internet-explorer-delete-manage-cookies\">https:\/\/support.microsoft.com\/de-at\/help\/17442\/windows-internet-explorer-delete-manage-cookies<\/a><br \/>\n<strong>Firefox<\/strong>: <a href=\"https:\/\/support.mozilla.org\/de\/kb\/cookies-loeschen-daten-von-websites-entfernen\">https:\/\/support.mozilla.org\/de\/kb\/cookies-loeschen-daten-von-websites-entfernen<\/a><br \/>\n<strong>Chrome<\/strong>: <a href=\"https:\/\/support.google.com\/chrome\/answer\/95647\">https:\/\/support.google.com\/chrome\/answer\/95647<\/a><br \/>\n<strong>Safari<\/strong>: <a href=\"https:\/\/support.apple.com\/kb\/ph21411?locale=de_DE\">https:\/\/support.apple.com\/kb\/ph21411?locale=de_DE<\/a><\/p>\n<h3>Server Log Files<\/h3>\n<p>Der Webhosting Anbieter erhebt\/speichert automatisch Informationen in so genannten Log Files am Server, die automatisch von ihrem Browser \u00fcbermittelt werden.<br \/>\nDiese Daten sind nicht bestimmten Personen zuordenbar. Eine Zusammenf\u00fchrung oder Abgleich dieser Daten mit anderen Datenquellen wird nicht vorgenommen.<\/p>\n<h3>Google Web Fonts<\/h3>\n<p>Zur einheitlichen Darstellung von Schriftarten, nutzt diese Seite Google Web Fonts (Anbieter: Google Inc. 1600 Amphitheatre Parkway Mountain View, CA 94043, USA). Dabei stellt der von Ihnen verwendete Browser eine Verbindung zu den Servern von Google her. Durch diese Verbindung erlangt Google Kenntnis dar\u00fcber, dass \u00fcber Ihre IP-Adresse unsere Website aufgerufen wurde.<br \/>\nDie Nutzung von Google Web Fonts erfolgt im Interesse einer einheitlichen und ansprechenden Darstellung der Website und stellt damit ein berechtigtes Interesse im Sinne von Art. 6 Abs. 1 lit. f DSGVO dar.<\/p>\n<p>Sollte Ihr Browser Web Fonts nicht unterst\u00fctzen, wird eine Standardschrift von ihrem Computer verwendet.<\/p>\n<p>Weitere Informationen zu Google Web Fonts finden Sie unter <a href=\"https:\/\/developers.google.com\/fonts\/faq\">https:\/\/developers.google.com\/fonts\/faq<\/a> und in der Datenschutzerkl\u00e4rung von Google: <a href=\"https:\/\/www.google.com\/policies\/privacy\/\">https:\/\/www.google.com\/policies\/privacy\/<\/a>.<\/p>\n<h3><\/h3>\n<h3>Ihre Rechte<\/h3>\n<p>Ihnen stehen grunds\u00e4tzlich die Rechte auf Auskunft, Berichtigung, L\u00f6schung, Einschr\u00e4nkung, Daten\u00fcbertragbarkeit, Widerruf und Widerspruch zu. Wenn Sie glauben, dass die Verarbeitung Ihrer Daten gegen das Datenschutzrecht verst\u00f6\u00dft oder Ihre datenschutzrechtlichen Anspr\u00fcche sonst in einer Weise verletzt worden sind, k\u00f6nnen Sie sich bei der Aufsichtsbeh\u00f6rde beschweren. In \u00d6sterreich ist dies die Datenschutzbeh\u00f6rde.<\/p>\n<p><strong>Sie erreichen uns unter folgenden Kontaktdaten:<\/strong><\/p>\n<p>Sch\u00fctzenkompanie Igls-Vill<br \/>\nObmann:\u00a0Herwig Z\u00f6ttl<br \/>\nIgler Stra\u00dfe 58<br \/>\nA 6080 Igls<br \/>\neMail: info@schuetzenkompanie-igls-vill.at<br \/>\nTelefon: +43 676 844 311 400<\/p>\n","protected":false},"excerpt":{"rendered":"<p>Datenschutzerkl\u00e4rung Stand: 24.05.2018 Datenverarbeitung Der Schutz Ihrer pers\u00f6nlichen Daten ist uns besonders wichtig. Wir verarbeiten Ihre Daten daher ausschlie\u00dflich auf Grundlage der gesetzlichen Bestimmungen (EU-DSGVO, DSAG 2018, TKG 2003). In dieser Datenschutzerkl\u00e4rung informieren wir Sie \u00fcber die wichtigsten Aspekte der Datenverarbeitung im Rahmen unserer Website. Kontakt mit uns Wenn Sie \u00fcber ein Kontaktformular auf dieser&hellip;&nbsp;<a href=\"https:\/\/viv.tirol\/skiv\/datenschutzerklaerung\/\" rel=\"bookmark\">Mehr lesen &raquo;<span class=\"screen-reader-text\">Datenschutzerkl\u00e4rung<\/span><\/a><\/p>\n","protected":false},"author":29,"featured_media":0,"parent":0,"menu_order":0,"comment_status":"closed","ping_status":"closed","template":"","meta":{"_acf_changed":false,"neve_meta_sidebar":"","neve_meta_container":"","neve_meta_enable_content_width":"","neve_meta_content_width":0,"neve_meta_title_alignment":"","neve_meta_author_avatar":"","neve_post_elements_order":"","neve_meta_disable_header":"","neve_meta_disable_footer":"","neve_meta_disable_title":"","neve_meta_reading_time":"","_themeisle_gutenberg_block_has_review":false,"footnotes":""},"class_list":["post-3875","page","type-page","status-publish","hentry"],"acf":[],"_links":{"self":[{"href":"https:\/\/viv.tirol\/skiv\/wp-json\/wp\/v2\/pages\/3875","targetHints":{"allow":["GET"]}}],"collection":[{"href":"https:\/\/viv.tirol\/skiv\/wp-json\/wp\/v2\/pages"}],"about":[{"href":"https:\/\/viv.tirol\/skiv\/wp-json\/wp\/v2\/types\/page"}],"author":[{"embeddable":true,"href":"https:\/\/viv.tirol\/skiv\/wp-json\/wp\/v2\/users\/29"}],"replies":[{"embeddable":true,"href":"https:\/\/viv.tirol\/skiv\/wp-json\/wp\/v2\/comments?post=3875"}],"version-history":[{"count":0,"href":"https:\/\/viv.tirol\/skiv\/wp-json\/wp\/v2\/pages\/3875\/revisions"}],"wp:attachment":[{"href":"https:\/\/viv.tirol\/skiv\/wp-json\/wp\/v2\/media?parent=3875"}],"curies":[{"name":"wp","href":"https:\/\/api.w.org\/{rel}","templated":true}]}}