{"id":3354,"date":"2016-03-22T18:55:13","date_gmt":"2016-03-22T17:55:13","guid":{"rendered":"https:\/\/viv.tirol\/skiv\/?page_id=3354"},"modified":"2016-06-28T13:13:09","modified_gmt":"2016-06-28T11:13:09","slug":"kontakt","status":"publish","type":"page","link":"https:\/\/viv.tirol\/skiv\/extras\/kontakt\/","title":{"rendered":"Kontakt"},"content":{"rendered":"<p>[av_textblock size=&#8220; font_color=&#8220; color=&#8220;]<\/p>\n<h2>Kontaktformular<\/h2>\n<p>Wir freuen uns, dass du mit uns in Kontakt treten willst. Bitte f\u00fclle die unten stehenden Kontaktfelder aus. Es besteht die M\u00f6glichkeit Anfragen an uns zu richten oder einen Link anzumelden. Wir werden uns bem\u00fchen die Anfrage sobald wie M\u00f6glich zu beantworten. Herzlichen Dank.<br \/>\n[\/av_textblock]<\/p>\n<p>[av_one_full first min_height=&#8220; vertical_alignment=&#8220; space=&#8220; custom_margin=&#8220; margin=&#8217;0px&#8216; padding=&#8217;0px&#8216; border=&#8220; border_color=&#8220; radius=&#8217;0px&#8216; background_color=&#8220; src=&#8220; background_position=&#8217;top left&#8216; background_repeat=&#8217;no-repeat&#8216; animation=&#8220;][\/av_one_full]<\/p>\n<p>[av_contact email=&#8217;info@schuetzenkompanie-igls-vill.at&#8216; title=&#8217;Senden Sie uns eine E-Mail&#8216; button=&#8217;Senden&#8216; on_send=&#8220; sent=&#8217;Ihre Nachricht wurde versendet!&#8216; link=&#8217;manually,http:\/\/&#8216; subject=&#8220; autorespond=&#8220; captcha=&#8220; form_align=&#8220; color=&#8220;]<br \/>\n[av_contact_field label=&#8217;Absender&#8216; type=&#8217;text&#8216; options=&#8220; check=&#8217;is_empty&#8216; width=&#8217;element_half&#8216; multi_select=&#8220;][\/av_contact_field]<br \/>\n[av_contact_field label=&#8217;E-Mail&#8216; type=&#8217;text&#8216; options=&#8220; check=&#8217;is_email&#8216; width=&#8217;element_half&#8216; multi_select=&#8220;][\/av_contact_field]<br \/>\n[av_contact_field label=&#8217;Betreff&#8216; type=&#8217;text&#8216; options=&#8220; check=&#8217;is_empty&#8216; width=&#8217;element_half&#8216; multi_select=&#8220;][\/av_contact_field]<br \/>\n[av_contact_field label=&#8217;Homepage&#8216; type=&#8217;text&#8216; options=&#8220; check=&#8220; width=&#8217;element_half&#8216; multi_select=&#8220;][\/av_contact_field]<br \/>\n[av_contact_field label=&#8217;Nachricht&#8216; type=&#8217;textarea&#8216; check=&#8217;is_empty&#8216; options=&#8220; multi_select=&#8220; width=&#8220;][\/av_contact_field]<br \/>\n[\/av_contact]<\/p>\n","protected":false},"excerpt":{"rendered":"<p>[av_textblock size=&#8220; font_color=&#8220; color=&#8220;] Kontaktformular Wir freuen uns, dass du mit uns in Kontakt treten willst. Bitte f\u00fclle die unten stehenden Kontaktfelder aus. Es besteht die M\u00f6glichkeit Anfragen an uns zu richten oder einen Link anzumelden. Wir werden uns bem\u00fchen die Anfrage sobald wie M\u00f6glich zu beantworten. Herzlichen Dank. [\/av_textblock] [av_one_full first min_height=&#8220; vertical_alignment=&#8220; space=&#8220;&hellip;&nbsp;<a href=\"https:\/\/viv.tirol\/skiv\/extras\/kontakt\/\" rel=\"bookmark\">Mehr lesen &raquo;<span class=\"screen-reader-text\">Kontakt<\/span><\/a><\/p>\n","protected":false},"author":29,"featured_media":0,"parent":3352,"menu_order":0,"comment_status":"closed","ping_status":"closed","template":"","meta":{"_acf_changed":false,"neve_meta_sidebar":"","neve_meta_container":"","neve_meta_enable_content_width":"","neve_meta_content_width":0,"neve_meta_title_alignment":"","neve_meta_author_avatar":"","neve_post_elements_order":"","neve_meta_disable_header":"","neve_meta_disable_footer":"","neve_meta_disable_title":"","neve_meta_reading_time":"","_themeisle_gutenberg_block_has_review":false,"footnotes":""},"class_list":["post-3354","page","type-page","status-publish","hentry"],"acf":[],"_links":{"self":[{"href":"https:\/\/viv.tirol\/skiv\/wp-json\/wp\/v2\/pages\/3354","targetHints":{"allow":["GET"]}}],"collection":[{"href":"https:\/\/viv.tirol\/skiv\/wp-json\/wp\/v2\/pages"}],"about":[{"href":"https:\/\/viv.tirol\/skiv\/wp-json\/wp\/v2\/types\/page"}],"author":[{"embeddable":true,"href":"https:\/\/viv.tirol\/skiv\/wp-json\/wp\/v2\/users\/29"}],"replies":[{"embeddable":true,"href":"https:\/\/viv.tirol\/skiv\/wp-json\/wp\/v2\/comments?post=3354"}],"version-history":[{"count":0,"href":"https:\/\/viv.tirol\/skiv\/wp-json\/wp\/v2\/pages\/3354\/revisions"}],"up":[{"embeddable":true,"href":"https:\/\/viv.tirol\/skiv\/wp-json\/wp\/v2\/pages\/3352"}],"wp:attachment":[{"href":"https:\/\/viv.tirol\/skiv\/wp-json\/wp\/v2\/media?parent=3354"}],"curies":[{"name":"wp","href":"https:\/\/api.w.org\/{rel}","templated":true}]}}