{"id":3340,"date":"2016-03-22T18:52:26","date_gmt":"2016-03-22T17:52:26","guid":{"rendered":"https:\/\/viv.tirol\/skiv\/?page_id=3340"},"modified":"2016-03-22T21:15:12","modified_gmt":"2016-03-22T20:15:12","slug":"die-feder","status":"publish","type":"page","link":"https:\/\/viv.tirol\/skiv\/schuetzen\/die-feder\/","title":{"rendered":"Die Feder"},"content":{"rendered":"<h2>Die Feder und ihre Bedeutung<\/h2>\n<figure id=\"attachment_3536\" aria-describedby=\"caption-attachment-3536\" style=\"width: 164px\" class=\"wp-caption alignleft\"><img loading=\"lazy\" decoding=\"async\" class=\"size-full wp-image-3536\" src=\"https:\/\/viv.tirol\/skiv\/wp-content\/uploads\/sites\/12\/2016\/03\/feder1.jpg\" alt=\"Die Feder\" width=\"164\" height=\"256\" \/><figcaption id=\"caption-attachment-3536\" class=\"wp-caption-text\"><b>Die Feder<\/b><\/figcaption><\/figure>\n<p>Als vor langer Zeit das Volk von Tirol seine Freiheit begehrte und nach langer Vorbereitung und hartem Kampf sie auch erreichte, nahm man den Adler als den ungekr\u00f6nten Herrscher der L\u00fcfte und der Freiheit zum Vorbild.<\/p>\n<p>Sch\u00fctzen und J\u00e4ger haben sich stets einen Adlerflaum, eine Adlerfeder, einen einfachen oder doppelten Spielhahnsto\u00df, eine Geier oder wei\u00dfe Hahnenfeder als Zeichen der Treffsicherheit auf den Hut gesteckt. Nicht jedem Sch\u00fctzen war es damals verg\u00f6nnt, solche Troph\u00e4en zu erreichen. Es brauchte gro\u00dfe Treffsicherheit, einen Adler mit der Armbrust abzuschie\u00dfen.<\/p>\n<p>Wenn daher ein Sch\u00fctze ein solches Gestecke am Hute trug, so erkannte man gleich in ihm den treffsicheren Sch\u00fctzen. Als die Einf\u00e4lle feindlicher Truppen ins Land erfolgten, gr\u00fcndeten sich die Sch\u00fctzen-kompanien. Jede dieser Kompanie trug ihre besondere Federart am Hute. Im Laufe der K\u00e4mpfe haben sich Sch\u00fctzen mit Spielhahnfedern ganz besonders bew\u00e4hrt und so wurden die Leute als Robler bezeichnet. Robler waren Draufg\u00e4nger, rauf &#8211; und kampfgewohnte M\u00e4nner und Burschen, die mit Wucht dreinfuhren. Es kam mit der Zeit folgende Spezialisierung der Federarten heraus:<\/p>\n<p>Besonders ziel &#8211; und treffsichere Hochgebirgssch\u00fctzen und J\u00e4ger steckten sich den Adlerflaum auf als Zeichen des scharfen Auges und als Symbol des Freiheitskampfes.<\/p>\n<p>Die Schwingfedern des Adlers hatte sich der besonders tapfere, mutige und draufg\u00e4ngerische Speckbacher aufgesteckt, sie wird daher als Symbol seiner Mannesart getragen.<\/p>\n<p>Geierschwingfedern sind sp\u00e4ter an Stelle der Adlerfedern aufgesteckt worden.<\/p>\n<p>Die einzelne krumme Spielhahnfeder steckte sich jeder schneidige Bua auf seinen Hut. Den halben Spielhahnsto\u00df hatte manche Kompanie als Zeichen der Schneid aufgesteckt und einen ganzen Sto\u00df trug stets der Anf\u00fchrer der Kompanie.<br \/>\nDoch gab es und gibt es auch heute noch ganze Kompanien, die den vollen Spielhahnsto\u00df trugen und auch jetzt noch tragen.<\/p>\n<p>Die wei\u00dfe Hahnenfeder ist das allgemeine Zeichen der Sch\u00fctzenschneid und zwar immer in doppelter Form.<\/p>\n<p>Es ist noch zu erw\u00e4hnen, da\u00df zu diesem Paar wei\u00dfen Hahnenfedern von manchen Kompanien noch ein halber Spielhahnsto\u00df getragen wurde, dies bedeutete, da\u00df diese Kompanie sich auch als Robler im Laufe der Gefechte der Freiheitskriege in den vorigen Jahrhunder-ten als tapfer erwiesen hat.<br \/>\nIm letzten Jahrhundert und auch in heutiger Zeit haben sich die Sch\u00fctzen Federn kaufen m\u00fcssen, um traditionsgem\u00e4\u00df dieses Schneidzeichen tragen zu k\u00f6nnen.<br \/>\nDiese Zeichen des Mutes wurde sp\u00e4terhin auch vom Milit\u00e4r \u00fcbernommen und so haben die Sch\u00fctzenregimenter einen halben Spielhahnsto\u00df, nach vorne schauend, getragen.<\/p>\n<p><em>Quelle: alte Hompage des Bundes der Tiroler Sch\u00fctzenkompanien; aus der Regimentschronik Oberinntal von Mjr Josef ROILO<\/em><\/p>\n","protected":false},"excerpt":{"rendered":"<p>Die Feder und ihre Bedeutung Als vor langer Zeit das Volk von Tirol seine Freiheit begehrte und nach langer Vorbereitung und hartem Kampf sie auch erreichte, nahm man den Adler als den ungekr\u00f6nten Herrscher der L\u00fcfte und der Freiheit zum Vorbild. Sch\u00fctzen und J\u00e4ger haben sich stets einen Adlerflaum, eine Adlerfeder, einen einfachen oder doppelten&hellip;&nbsp;<a href=\"https:\/\/viv.tirol\/skiv\/schuetzen\/die-feder\/\" rel=\"bookmark\">Mehr lesen &raquo;<span class=\"screen-reader-text\">Die Feder<\/span><\/a><\/p>\n","protected":false},"author":29,"featured_media":0,"parent":3318,"menu_order":0,"comment_status":"closed","ping_status":"closed","template":"","meta":{"_acf_changed":false,"neve_meta_sidebar":"","neve_meta_container":"","neve_meta_enable_content_width":"","neve_meta_content_width":0,"neve_meta_title_alignment":"","neve_meta_author_avatar":"","neve_post_elements_order":"","neve_meta_disable_header":"","neve_meta_disable_footer":"","neve_meta_disable_title":"","neve_meta_reading_time":"","_themeisle_gutenberg_block_has_review":false,"footnotes":""},"class_list":["post-3340","page","type-page","status-publish","hentry"],"acf":[],"_links":{"self":[{"href":"https:\/\/viv.tirol\/skiv\/wp-json\/wp\/v2\/pages\/3340","targetHints":{"allow":["GET"]}}],"collection":[{"href":"https:\/\/viv.tirol\/skiv\/wp-json\/wp\/v2\/pages"}],"about":[{"href":"https:\/\/viv.tirol\/skiv\/wp-json\/wp\/v2\/types\/page"}],"author":[{"embeddable":true,"href":"https:\/\/viv.tirol\/skiv\/wp-json\/wp\/v2\/users\/29"}],"replies":[{"embeddable":true,"href":"https:\/\/viv.tirol\/skiv\/wp-json\/wp\/v2\/comments?post=3340"}],"version-history":[{"count":0,"href":"https:\/\/viv.tirol\/skiv\/wp-json\/wp\/v2\/pages\/3340\/revisions"}],"up":[{"embeddable":true,"href":"https:\/\/viv.tirol\/skiv\/wp-json\/wp\/v2\/pages\/3318"}],"wp:attachment":[{"href":"https:\/\/viv.tirol\/skiv\/wp-json\/wp\/v2\/media?parent=3340"}],"curies":[{"name":"wp","href":"https:\/\/api.w.org\/{rel}","templated":true}]}}