{"id":8,"date":"2022-02-10T15:04:34","date_gmt":"2022-02-10T14:04:34","guid":{"rendered":"https:\/\/viv.tirol\/sgiv\/impressum\/"},"modified":"2022-08-22T20:24:23","modified_gmt":"2022-08-22T18:24:23","slug":"impressum","status":"publish","type":"page","link":"https:\/\/viv.tirol\/sgiv\/impressum\/","title":{"rendered":"Impressum"},"content":{"rendered":"<p>Dies ist die Webseite des Vereins \"Sch\u00fctzengilde Igls-Vill\" (folgend \"Verein\" genannt)<\/p><p>Sch\u00fctzengilde Igls-Vill<br\/>c\/o Dr. Peter Heiss, Obersch\u00fctzenmeister<br\/>Am See 3a, 6080 Igls<br\/><p>Eingetragener Verein unter ZVR 955802279, LPD Tirol<\/p><p>Vertretungsberechtigt: Dr. Peter Heiss, Obersch\u00fctzenmeister<\/p><h2>Kontakt<\/h2><p>E-Mail: <a href=\"mailto:gilde.igls.vill@gmail.com\">gilde.igls.vill@gmail.com<\/a><br\/>Telefon: +43 699 10466811<\/p>\n<h2>Haftung<\/h2>\n<p>Die Inhalte dieser Webseite wurden von den AutorInnen sorgf\u00e4ltig erstellt und gepr\u00fcft. Jedoch \u00fcbernimmt der Verein keine Gew\u00e4hr f\u00fcr die Aktualit\u00e4t, Richtigkeit oder Qualit\u00e4t der bereitgestellten Informationen.<\/p>\n<h2 id=\"heading_Geistiges_Eigentum\">Geistiges Eigentum<\/h2>\n<p>Wir versuchen in allen Beitr\u00e4gen die Urheberrechte der verwendeten Fotos, Grafiken, Audio-, Videobeitr\u00e4ge oder Texte zu beachten. S\u00e4mtliche Inhalte sind im Sinne des Urheberrechtes gesch\u00fctzt. Das Urheberrecht bleibt allein bei der UrheberIn beziehungsweise beim Verein.<\/p>\n<h2>Links<\/h2>\n<p>Wir haben keinen Einfluss auf den Inhalt von Webseiten, auf die externe Links verweisen. Daher \u00fcbernehmen wir keine Haftung hinsichtlich der Richtigkeit, Aktualit\u00e4t oder bez\u00fcglich m\u00f6glicher rechtswidriger Inhalte beziehungsweise Datenschutzbestimmungen dieser anderen Webseiten.<\/p>\n<h2>Barrierefreiheit<\/h2>\n<p>Wir sind bem\u00fcht laufend unser Webseite zu verbessern und eine m\u00f6glichst hohe Zug\u00e4nglichkeit zu Gew\u00e4hrleisten. Wenn Ihnen diesbez\u00fcglich etwas auff\u00e4llt, so bitten wir Sie mit uns Kontakt aufzunehmen. Wir freuen uns \u00fcber Ihre Mitwirkung.<\/p>\n<h2>Umsetzung<\/h2>\n<p>Gestaltung: <strong>Christoph Haas, Mario St\u00f6ckholzer<\/strong><br \/>\nTechnischer Betrieb: <strong><a href=\"https:\/\/soumasoft.com\" target=\"_blank\" rel=\"noreferrer noopener\">Thomas Juen, SoumaSoft<\/a><\/strong><\/p>\n","protected":false},"excerpt":{"rendered":"<p>Haftung Die Inhalte dieser Webseite wurden von den AutorInnen sorgf\u00e4ltig erstellt und gepr\u00fcft. Jedoch \u00fcbernimmt der Verein keine Gew\u00e4hr f\u00fcr die Aktualit\u00e4t, Richtigkeit oder Qualit\u00e4t der bereitgestellten Informationen. Geistiges Eigentum Wir versuchen in allen Beitr\u00e4gen die Urheberrechte der verwendeten Fotos, Grafiken, Audio-, Videobeitr\u00e4ge oder Texte zu beachten. S\u00e4mtliche Inhalte sind im Sinne des Urheberrechtes gesch\u00fctzt.&hellip;&nbsp;<a href=\"https:\/\/viv.tirol\/sgiv\/impressum\/\" rel=\"bookmark\">Mehr lesen &raquo;<span class=\"screen-reader-text\">Impressum<\/span><\/a><\/p>\n","protected":false},"author":4,"featured_media":0,"parent":0,"menu_order":0,"comment_status":"closed","ping_status":"closed","template":"","meta":{"_acf_changed":false,"neve_meta_sidebar":"","neve_meta_container":"","neve_meta_enable_content_width":"","neve_meta_content_width":0,"neve_meta_title_alignment":"","neve_meta_author_avatar":"","neve_post_elements_order":"","neve_meta_disable_header":"","neve_meta_disable_footer":"","neve_meta_disable_title":"","neve_meta_reading_time":"","_themeisle_gutenberg_block_has_review":false,"footnotes":""},"class_list":["post-8","page","type-page","status-publish","hentry"],"acf":[],"_links":{"self":[{"href":"https:\/\/viv.tirol\/sgiv\/wp-json\/wp\/v2\/pages\/8","targetHints":{"allow":["GET"]}}],"collection":[{"href":"https:\/\/viv.tirol\/sgiv\/wp-json\/wp\/v2\/pages"}],"about":[{"href":"https:\/\/viv.tirol\/sgiv\/wp-json\/wp\/v2\/types\/page"}],"author":[{"embeddable":true,"href":"https:\/\/viv.tirol\/sgiv\/wp-json\/wp\/v2\/users\/4"}],"replies":[{"embeddable":true,"href":"https:\/\/viv.tirol\/sgiv\/wp-json\/wp\/v2\/comments?post=8"}],"version-history":[{"count":1,"href":"https:\/\/viv.tirol\/sgiv\/wp-json\/wp\/v2\/pages\/8\/revisions"}],"predecessor-version":[{"id":24,"href":"https:\/\/viv.tirol\/sgiv\/wp-json\/wp\/v2\/pages\/8\/revisions\/24"}],"wp:attachment":[{"href":"https:\/\/viv.tirol\/sgiv\/wp-json\/wp\/v2\/media?parent=8"}],"curies":[{"name":"wp","href":"https:\/\/api.w.org\/{rel}","templated":true}]}}