{"id":3,"date":"2022-02-10T15:04:34","date_gmt":"2022-02-10T14:04:34","guid":{"rendered":"https:\/\/viv.tirol\/sgiv\/willkommen\/"},"modified":"2025-11-09T21:28:37","modified_gmt":"2025-11-09T20:28:37","slug":"willkommen","status":"publish","type":"page","link":"https:\/\/viv.tirol\/sgiv\/","title":{"rendered":"Willkommen"},"content":{"rendered":"\n<div class=\"wp-block-columns is-layout-flex wp-container-core-columns-is-layout-9d6595d7 wp-block-columns-is-layout-flex\">\n<div class=\"wp-block-column is-layout-flow wp-block-column-is-layout-flow\" style=\"flex-basis:100%\">\n<div class=\"wp-block-query is-layout-flow wp-block-query-is-layout-flow\">\n<div class=\"wp-block-group\"><div class=\"wp-block-group__inner-container is-layout-flow wp-block-group-is-layout-flow\"><ul class=\"columns-3 wp-block-post-template is-layout-grid wp-container-core-post-template-is-layout-2fc57c17 wp-block-post-template-is-layout-grid\"><li class=\"wp-block-post post-365 post type-post status-publish format-standard has-post-thumbnail hentry category-allgemein category-ausschreibung tag-24 tag-ostereierschiessen\">\n<h2 class=\"wp-block-post-title\">Ostereierschie\u00dfen 2026<\/h2>\n\n<figure class=\"wp-block-post-featured-image\"><a href=\"https:\/\/viv.tirol\/sgiv\/2026\/03\/12\/ostereierschiessen-2026\/\" target=\"_self\"  ><img loading=\"lazy\" decoding=\"async\" width=\"1131\" height=\"310\" src=\"https:\/\/viv.tirol\/sgiv\/wp-content\/uploads\/sites\/15\/2026\/03\/Einladung-Ostereierschiessen-2026.png\" class=\"attachment-post-thumbnail size-post-thumbnail wp-post-image\" alt=\"Ostereierschie\u00dfen 2026\" style=\"object-fit:cover;\" srcset=\"https:\/\/viv.tirol\/sgiv\/wp-content\/uploads\/sites\/15\/2026\/03\/Einladung-Ostereierschiessen-2026.png 1131w, https:\/\/viv.tirol\/sgiv\/wp-content\/uploads\/sites\/15\/2026\/03\/Einladung-Ostereierschiessen-2026-300x82.png 300w, https:\/\/viv.tirol\/sgiv\/wp-content\/uploads\/sites\/15\/2026\/03\/Einladung-Ostereierschiessen-2026-768x211.png 768w\" sizes=\"auto, (max-width: 1131px) 100vw, 1131px\" \/><\/a><\/figure>\n\n<div class=\"wp-block-post-excerpt\"><p class=\"wp-block-post-excerpt__excerpt\">Die Sch\u00fctzengilde Igls-Vill l\u00e4dt recht herzlich zum diesj\u00e4hrigen Ostereierschie\u00dfen am Schie\u00dfstand Igls ein.Nutzt die Gelegenheit, eure Treffsicherheit unter Beweis zu stellen und euch leckere Ostereier zu sichern. \ud83d\udcc5 Wann?\ud83d\udd39 Montag, 23. M\u00e4rz &amp; Donnerstag, 26. M\u00e4rz\ud83d\udd39 Montag, 30. M\u00e4rz &amp; Donnerstag, 2. April\ud83d\udccd Jeweils ab 18:30 Uhr \ud83d\udccd Wo?Im Vereinslokal der Sch\u00fctzengilde Igls-Vill &nbsp;Modus:\u2705 Geschossen<\/p><p class=\"wp-block-post-excerpt__more-text\"><a class=\"wp-block-post-excerpt__more-link\" href=\"https:\/\/viv.tirol\/sgiv\/2026\/03\/12\/ostereierschiessen-2026\/\">Weiterlesen&#8230;<\/a><\/p><\/div>\n\n\n<hr class=\"wp-block-separator has-css-opacity\" \/>\n\n\n<div class=\"wp-block-post-date\"><time datetime=\"2026-03-12T22:49:56+01:00\">12. M\u00e4rz 2026<\/time><\/div>\n<\/li><li class=\"wp-block-post post-318 post type-post status-publish format-standard has-post-thumbnail hentry category-ergebnis tag-16 tag-dorfschiessen\">\n<h2 class=\"wp-block-post-title\">Dorfschie\u00dfen 2025 &#8211; Endstand<\/h2>\n\n<figure class=\"wp-block-post-featured-image\"><a href=\"https:\/\/viv.tirol\/sgiv\/2025\/10\/18\/dorfschiessen-2025-endstand\/\" target=\"_self\"  ><img loading=\"lazy\" decoding=\"async\" width=\"1920\" height=\"1440\" src=\"https:\/\/viv.tirol\/sgiv\/wp-content\/uploads\/sites\/15\/2025\/10\/DS2025_FotoSieger-scaled.jpg\" class=\"attachment-post-thumbnail size-post-thumbnail wp-post-image\" alt=\"Dorfschie\u00dfen 2025 &#8211; Endstand\" style=\"object-fit:cover;\" srcset=\"https:\/\/viv.tirol\/sgiv\/wp-content\/uploads\/sites\/15\/2025\/10\/DS2025_FotoSieger-scaled.jpg 1920w, https:\/\/viv.tirol\/sgiv\/wp-content\/uploads\/sites\/15\/2025\/10\/DS2025_FotoSieger-300x225.jpg 300w, https:\/\/viv.tirol\/sgiv\/wp-content\/uploads\/sites\/15\/2025\/10\/DS2025_FotoSieger-1800x1350.jpg 1800w, https:\/\/viv.tirol\/sgiv\/wp-content\/uploads\/sites\/15\/2025\/10\/DS2025_FotoSieger-768x576.jpg 768w, https:\/\/viv.tirol\/sgiv\/wp-content\/uploads\/sites\/15\/2025\/10\/DS2025_FotoSieger-1536x1152.jpg 1536w, https:\/\/viv.tirol\/sgiv\/wp-content\/uploads\/sites\/15\/2025\/10\/DS2025_FotoSieger-2048x1536.jpg 2048w\" sizes=\"auto, (max-width: 1920px) 100vw, 1920px\" \/><\/a><\/figure>\n\n<div class=\"wp-block-post-excerpt\"><p class=\"wp-block-post-excerpt__excerpt\">Ergebnis Dorfschie\u00dfen Ergebnis Finale Damen Ergebnis Finale Herren Hier geht&#8217;s zur Einladung.<\/p><p class=\"wp-block-post-excerpt__more-text\"><a class=\"wp-block-post-excerpt__more-link\" href=\"https:\/\/viv.tirol\/sgiv\/2025\/10\/18\/dorfschiessen-2025-endstand\/\">Weiterlesen&#8230;<\/a><\/p><\/div>\n\n\n<hr class=\"wp-block-separator has-css-opacity\" \/>\n\n\n<div class=\"wp-block-post-date\"><time datetime=\"2025-10-18T21:09:30+02:00\">18. Oktober 2025<\/time><\/div>\n<\/li><li class=\"wp-block-post post-293 post type-post status-publish format-standard has-post-thumbnail hentry category-ausschreibung tag-16 tag-dorfschiessen\">\n<h2 class=\"wp-block-post-title\">Dorfschie\u00dfen 2025<\/h2>\n\n<figure class=\"wp-block-post-featured-image\"><a href=\"https:\/\/viv.tirol\/sgiv\/2025\/09\/15\/dorfschiessen-2025\/\" target=\"_self\"  ><img loading=\"lazy\" decoding=\"async\" width=\"1053\" height=\"702\" src=\"https:\/\/viv.tirol\/sgiv\/wp-content\/uploads\/sites\/15\/2025\/09\/Dorfschiessen-2025_Poster_schnitt.png\" class=\"attachment-post-thumbnail size-post-thumbnail wp-post-image\" alt=\"Dorfschie\u00dfen 2025\" style=\"object-fit:cover;\" srcset=\"https:\/\/viv.tirol\/sgiv\/wp-content\/uploads\/sites\/15\/2025\/09\/Dorfschiessen-2025_Poster_schnitt.png 1053w, https:\/\/viv.tirol\/sgiv\/wp-content\/uploads\/sites\/15\/2025\/09\/Dorfschiessen-2025_Poster_schnitt-300x200.png 300w, https:\/\/viv.tirol\/sgiv\/wp-content\/uploads\/sites\/15\/2025\/09\/Dorfschiessen-2025_Poster_schnitt-768x512.png 768w, https:\/\/viv.tirol\/sgiv\/wp-content\/uploads\/sites\/15\/2025\/09\/Dorfschiessen-2025_Poster_schnitt-930x620.png 930w\" sizes=\"auto, (max-width: 1053px) 100vw, 1053px\" \/><\/a><\/figure>\n\n<div class=\"wp-block-post-excerpt\"><p class=\"wp-block-post-excerpt__excerpt\">Hier gehts zum Endstand. \u201eScharfes Auge, ruhige Hand, wer werden der n\u00e4chste Dorfmeister und die n\u00e4chste Dorfmeisterinnen im Viglerland?\u201c Zur Erinnerung: 2024 wurden von insgesamt 130 Sch\u00fctzen 1032 Serien geschossen, der Schuhplattlerverein Vill-Igls konnte den spannenden Wettkampf f\u00fcr sich entscheiden, vor der Sch\u00fctzenkompanie Igls-Vill und den Sportverei Frauen. Es war ein rundherum gelungenes Event. Im<\/p><p class=\"wp-block-post-excerpt__more-text\"><a class=\"wp-block-post-excerpt__more-link\" href=\"https:\/\/viv.tirol\/sgiv\/2025\/09\/15\/dorfschiessen-2025\/\">Weiterlesen&#8230;<\/a><\/p><\/div>\n\n\n<hr class=\"wp-block-separator has-css-opacity\" \/>\n\n\n<div class=\"wp-block-post-date\"><time datetime=\"2025-09-15T06:00:00+02:00\">15. September 2025<\/time><\/div>\n<\/li><\/ul><\/div><\/div>\n<\/div>\n<\/div>\n<\/div>\n\n\n<div class=\"xxx viv-sponsoren \"><\/div>\n\n<\/p>","protected":false},"excerpt":{"rendered":"","protected":false},"author":37,"featured_media":0,"parent":0,"menu_order":0,"comment_status":"closed","ping_status":"closed","template":"","meta":{"_acf_changed":false,"neve_meta_sidebar":"","neve_meta_container":"","neve_meta_enable_content_width":"","neve_meta_content_width":0,"neve_meta_title_alignment":"","neve_meta_author_avatar":"","neve_post_elements_order":"","neve_meta_disable_header":"","neve_meta_disable_footer":"","neve_meta_disable_title":"","neve_meta_reading_time":"","_themeisle_gutenberg_block_has_review":false,"footnotes":""},"class_list":["post-3","page","type-page","status-publish","hentry"],"acf":[],"_links":{"self":[{"href":"https:\/\/viv.tirol\/sgiv\/wp-json\/wp\/v2\/pages\/3","targetHints":{"allow":["GET"]}}],"collection":[{"href":"https:\/\/viv.tirol\/sgiv\/wp-json\/wp\/v2\/pages"}],"about":[{"href":"https:\/\/viv.tirol\/sgiv\/wp-json\/wp\/v2\/types\/page"}],"author":[{"embeddable":true,"href":"https:\/\/viv.tirol\/sgiv\/wp-json\/wp\/v2\/users\/37"}],"replies":[{"embeddable":true,"href":"https:\/\/viv.tirol\/sgiv\/wp-json\/wp\/v2\/comments?post=3"}],"version-history":[{"count":18,"href":"https:\/\/viv.tirol\/sgiv\/wp-json\/wp\/v2\/pages\/3\/revisions"}],"predecessor-version":[{"id":362,"href":"https:\/\/viv.tirol\/sgiv\/wp-json\/wp\/v2\/pages\/3\/revisions\/362"}],"wp:attachment":[{"href":"https:\/\/viv.tirol\/sgiv\/wp-json\/wp\/v2\/media?parent=3"}],"curies":[{"name":"wp","href":"https:\/\/api.w.org\/{rel}","templated":true}]}}